{"id":395,"date":"2020-05-11T17:09:42","date_gmt":"2020-05-11T15:09:42","guid":{"rendered":"https:\/\/lessables-sene.bzh\/?page_id=395"},"modified":"2020-06-12T09:53:06","modified_gmt":"2020-06-12T07:53:06","slug":"nettoyage","status":"publish","type":"page","link":"https:\/\/lessables-sene.bzh\/index.php\/nettoyage\/","title":{"rendered":"Nettoyage et d\u00e9sinfection"},"content":{"rendered":"\n<p>Comme tout le monde, nous vivons la pr\u00e9sence du COVID-19 avec une grande prudence et ce d&rsquo;autant plus que nous \u00e9voluons tous les deux dans le milieu hospitalier.<\/p>\n\n\n\n<p>Le nettoyage et la d\u00e9sinfection sont r\u00e9alis\u00e9s de fa\u00e7on professionnelle entre chaque location et nous vous invitons \u00e0 consulter les fiches techniques des produits que nous utilisons.<\/p>\n\n\n\n<div class=\"wp-block-columns is-layout-flex wp-container-core-columns-is-layout-9d6595d7 wp-block-columns-is-layout-flex\">\n<div class=\"wp-block-column is-layout-flow wp-block-column-is-layout-flow\">\n<div class=\"wp-block-file\"><a href=\"https:\/\/lessables-sene.bzh\/wp-content\/uploads\/2020\/05\/FT-3150-SOLUTION-HYDROALCOOLIQUE.pdf\">FT-3150-SOLUTION-HYDROALCOOLIQUE<\/a><a href=\"https:\/\/lessables-sene.bzh\/wp-content\/uploads\/2020\/05\/FT-3150-SOLUTION-HYDROALCOOLIQUE.pdf\" class=\"wp-block-file__button\" download>T\u00e9l\u00e9charger<\/a><\/div>\n\n\n\n<div class=\"wp-block-file\"><a href=\"https:\/\/lessables-sene.bzh\/wp-content\/uploads\/2020\/05\/FT-CITRUS-ND-PAE.pdf\">FT-CITRUS-ND-PAE<\/a><a href=\"https:\/\/lessables-sene.bzh\/wp-content\/uploads\/2020\/05\/FT-CITRUS-ND-PAE.pdf\" class=\"wp-block-file__button\" download>T\u00e9l\u00e9charger<\/a><\/div>\n\n\n\n<div class=\"wp-block-file\"><a href=\"https:\/\/lessables-sene.bzh\/wp-content\/uploads\/2020\/06\/FT-Lessive-ecocert.pdf\">FT-Lessive-ecocert<\/a><a href=\"https:\/\/lessables-sene.bzh\/wp-content\/uploads\/2020\/06\/FT-Lessive-ecocert.pdf\" class=\"wp-block-file__button\" download>T\u00e9l\u00e9charger<\/a><\/div>\n\n\n\n<div class=\"wp-block-file\"><a href=\"https:\/\/lessables-sene.bzh\/wp-content\/uploads\/2020\/06\/FT-D\u00e9sinfectant-sanitaires-ecocert.pdf\">FT-D\u00e9sinfectant-sanitaires-ecocert<\/a><a href=\"https:\/\/lessables-sene.bzh\/wp-content\/uploads\/2020\/06\/FT-D\u00e9sinfectant-sanitaires-ecocert.pdf\" class=\"wp-block-file__button\" download>T\u00e9l\u00e9charger<\/a><\/div>\n<\/div>\n\n\n\n<div class=\"wp-block-column is-layout-flow wp-block-column-is-layout-flow\">\n<div class=\"wp-block-file\"><a href=\"https:\/\/lessables-sene.bzh\/wp-content\/uploads\/2020\/05\/FT-LINGETTE-DASR-PERFORMANCE.pdf\">FT-LINGETTE-DASR-PERFORMANCE<\/a><a href=\"https:\/\/lessables-sene.bzh\/wp-content\/uploads\/2020\/05\/FT-LINGETTE-DASR-PERFORMANCE.pdf\" class=\"wp-block-file__button\" download>T\u00e9l\u00e9charger<\/a><\/div>\n\n\n\n<div class=\"wp-block-file\"><a href=\"https:\/\/lessables-sene.bzh\/wp-content\/uploads\/2020\/05\/FT-Performance-DASR-750-ml.pdf\">FT-Performance-DASR-750-ml<\/a><a href=\"https:\/\/lessables-sene.bzh\/wp-content\/uploads\/2020\/05\/FT-Performance-DASR-750-ml.pdf\" class=\"wp-block-file__button\" download>T\u00e9l\u00e9charger<\/a><\/div>\n\n\n\n<div class=\"wp-block-file\"><a href=\"https:\/\/lessables-sene.bzh\/wp-content\/uploads\/2020\/06\/FT-Liquide-vaisselle-ecocert.pdf\">FT-Liquide-vaisselle-ecocert<\/a><a href=\"https:\/\/lessables-sene.bzh\/wp-content\/uploads\/2020\/06\/FT-Liquide-vaisselle-ecocert.pdf\" class=\"wp-block-file__button\" download>T\u00e9l\u00e9charger<\/a><\/div>\n<\/div>\n<\/div>\n\n\n\n<div class=\"wp-block-image\"><figure class=\"aligncenter size-large\"><img loading=\"lazy\" decoding=\"async\" width=\"700\" height=\"350\" src=\"https:\/\/lessables-sene.bzh\/wp-content\/uploads\/2020\/05\/surfacedisinfection.png\" alt=\"\" class=\"wp-image-404\" srcset=\"https:\/\/lessables-sene.bzh\/wp-content\/uploads\/2020\/05\/surfacedisinfection.png 700w, https:\/\/lessables-sene.bzh\/wp-content\/uploads\/2020\/05\/surfacedisinfection-300x150.png 300w\" sizes=\"auto, (max-width: 700px) 100vw, 700px\" \/><\/figure><\/div>\n","protected":false},"excerpt":{"rendered":"<p>Comme tout le monde, nous vivons la pr\u00e9sence du COVID-19 avec une grande prudence et ce d&rsquo;autant plus que nous \u00e9voluons tous les deux dans le milieu hospitalier. Le nettoyage et la d\u00e9sinfection sont&#46;&#46;&#46;<\/p>\n","protected":false},"author":2,"featured_media":0,"parent":0,"menu_order":0,"comment_status":"closed","ping_status":"closed","template":"","meta":{"footnotes":""},"class_list":["post-395","page","type-page","status-publish","hentry"],"_links":{"self":[{"href":"https:\/\/lessables-sene.bzh\/index.php\/wp-json\/wp\/v2\/pages\/395","targetHints":{"allow":["GET"]}}],"collection":[{"href":"https:\/\/lessables-sene.bzh\/index.php\/wp-json\/wp\/v2\/pages"}],"about":[{"href":"https:\/\/lessables-sene.bzh\/index.php\/wp-json\/wp\/v2\/types\/page"}],"author":[{"embeddable":true,"href":"https:\/\/lessables-sene.bzh\/index.php\/wp-json\/wp\/v2\/users\/2"}],"replies":[{"embeddable":true,"href":"https:\/\/lessables-sene.bzh\/index.php\/wp-json\/wp\/v2\/comments?post=395"}],"version-history":[{"count":3,"href":"https:\/\/lessables-sene.bzh\/index.php\/wp-json\/wp\/v2\/pages\/395\/revisions"}],"predecessor-version":[{"id":415,"href":"https:\/\/lessables-sene.bzh\/index.php\/wp-json\/wp\/v2\/pages\/395\/revisions\/415"}],"wp:attachment":[{"href":"https:\/\/lessables-sene.bzh\/index.php\/wp-json\/wp\/v2\/media?parent=395"}],"curies":[{"name":"wp","href":"https:\/\/api.w.org\/{rel}","templated":true}]}}