{"id":354,"date":"2020-03-04T09:54:04","date_gmt":"2020-03-04T08:54:04","guid":{"rendered":"https:\/\/lessables-sene.bzh\/?page_id=354"},"modified":"2020-03-04T09:59:49","modified_gmt":"2020-03-04T08:59:49","slug":"les-sables","status":"publish","type":"page","link":"https:\/\/lessables-sene.bzh\/index.php\/les-sables\/","title":{"rendered":"Les sables"},"content":{"rendered":"\n<hr class=\"wp-block-separator\"\/>\n\n\n\n<p>D\u2019une capacit\u00e9 de 6 couchages, notre gite \u00e0 la d\u00e9coration soign\u00e9e se compose au rez-de-chauss\u00e9e une pi\u00e8ce de vie avec une cuisine toute \u00e9quip\u00e9e et un petit coin salon, une petite chambre et une salle d&rsquo;eau avec wc. <\/p>\n\n\n\n<p>Au 1er \u00e9tage : une mezzanine avec\nt\u00e9l\u00e9vision et console de jeux (nintendo), une belle et grande chambre, avec wc\net lavabo priv\u00e9s.<\/p>\n\n\n\n<p>En annexe, une autre chambre de\nplain-pied mitoyenne au gite et accessible uniquement par le jardin, vous offre\nun agr\u00e9able volume avec 1 lit en 160 et une salle d&rsquo;eau avec wc priv\u00e9s. <\/p>\n\n\n\n<p>Devant cette chambre, vous\ndisposerez aussi d&rsquo;une petite terrasse.<\/p>\n\n\n\n<p>Cour priv\u00e9e devant le gite, terrasse et jardin clos.<\/p>\n\n\n\n<figure class=\"wp-block-gallery columns-3 is-cropped wp-block-gallery-1 is-layout-flex wp-block-gallery-is-layout-flex\"><ul class=\"blocks-gallery-grid\"><li class=\"blocks-gallery-item\"><figure><img loading=\"lazy\" decoding=\"async\" width=\"768\" height=\"1024\" src=\"https:\/\/lessables-sene.bzh\/wp-content\/uploads\/2020\/02\/les-sables-1-768x1024.jpg\" alt=\"\" data-id=\"274\" data-full-url=\"https:\/\/lessables-sene.bzh\/wp-content\/uploads\/2020\/02\/les-sables-1-scaled.jpg\" data-link=\"https:\/\/lessables-sene.bzh\/index.php\/colibri-wp\/les-sables-1\/\" class=\"wp-image-274\" srcset=\"https:\/\/lessables-sene.bzh\/wp-content\/uploads\/2020\/02\/les-sables-1-768x1024.jpg 768w, https:\/\/lessables-sene.bzh\/wp-content\/uploads\/2020\/02\/les-sables-1-225x300.jpg 225w, https:\/\/lessables-sene.bzh\/wp-content\/uploads\/2020\/02\/les-sables-1-1152x1536.jpg 1152w, https:\/\/lessables-sene.bzh\/wp-content\/uploads\/2020\/02\/les-sables-1-1536x2048.jpg 1536w, https:\/\/lessables-sene.bzh\/wp-content\/uploads\/2020\/02\/les-sables-1-scaled.jpg 1920w\" sizes=\"auto, (max-width: 768px) 100vw, 768px\" \/><\/figure><\/li><li class=\"blocks-gallery-item\"><figure><img loading=\"lazy\" decoding=\"async\" width=\"1024\" height=\"768\" src=\"https:\/\/lessables-sene.bzh\/wp-content\/uploads\/2020\/02\/les-sables-8-1024x768.jpg\" alt=\"\" data-id=\"281\" data-full-url=\"https:\/\/lessables-sene.bzh\/wp-content\/uploads\/2020\/02\/les-sables-8-scaled.jpg\" data-link=\"https:\/\/lessables-sene.bzh\/index.php\/colibri-wp\/les-sables-8\/\" class=\"wp-image-281\" srcset=\"https:\/\/lessables-sene.bzh\/wp-content\/uploads\/2020\/02\/les-sables-8-1024x768.jpg 1024w, https:\/\/lessables-sene.bzh\/wp-content\/uploads\/2020\/02\/les-sables-8-300x225.jpg 300w, https:\/\/lessables-sene.bzh\/wp-content\/uploads\/2020\/02\/les-sables-8-768x576.jpg 768w, https:\/\/lessables-sene.bzh\/wp-content\/uploads\/2020\/02\/les-sables-8-1536x1152.jpg 1536w, https:\/\/lessables-sene.bzh\/wp-content\/uploads\/2020\/02\/les-sables-8-2048x1536.jpg 2048w\" sizes=\"auto, (max-width: 1024px) 100vw, 1024px\" \/><\/figure><\/li><li class=\"blocks-gallery-item\"><figure><img loading=\"lazy\" decoding=\"async\" width=\"720\" height=\"960\" src=\"https:\/\/lessables-sene.bzh\/wp-content\/uploads\/2020\/02\/les-sables-7.jpg\" alt=\"\" data-id=\"280\" data-full-url=\"https:\/\/lessables-sene.bzh\/wp-content\/uploads\/2020\/02\/les-sables-7.jpg\" data-link=\"https:\/\/lessables-sene.bzh\/index.php\/colibri-wp\/les-sables-7\/\" class=\"wp-image-280\" srcset=\"https:\/\/lessables-sene.bzh\/wp-content\/uploads\/2020\/02\/les-sables-7.jpg 720w, https:\/\/lessables-sene.bzh\/wp-content\/uploads\/2020\/02\/les-sables-7-225x300.jpg 225w\" sizes=\"auto, (max-width: 720px) 100vw, 720px\" \/><\/figure><\/li><li class=\"blocks-gallery-item\"><figure><img loading=\"lazy\" decoding=\"async\" width=\"1024\" height=\"768\" src=\"https:\/\/lessables-sene.bzh\/wp-content\/uploads\/2020\/02\/les-sables-6-1024x768.jpg\" alt=\"\" data-id=\"279\" data-full-url=\"https:\/\/lessables-sene.bzh\/wp-content\/uploads\/2020\/02\/les-sables-6-scaled.jpg\" data-link=\"https:\/\/lessables-sene.bzh\/index.php\/colibri-wp\/les-sables-6\/\" class=\"wp-image-279\" srcset=\"https:\/\/lessables-sene.bzh\/wp-content\/uploads\/2020\/02\/les-sables-6-1024x768.jpg 1024w, https:\/\/lessables-sene.bzh\/wp-content\/uploads\/2020\/02\/les-sables-6-300x225.jpg 300w, https:\/\/lessables-sene.bzh\/wp-content\/uploads\/2020\/02\/les-sables-6-768x576.jpg 768w, https:\/\/lessables-sene.bzh\/wp-content\/uploads\/2020\/02\/les-sables-6-1536x1152.jpg 1536w, https:\/\/lessables-sene.bzh\/wp-content\/uploads\/2020\/02\/les-sables-6-2048x1536.jpg 2048w\" sizes=\"auto, (max-width: 1024px) 100vw, 1024px\" \/><\/figure><\/li><li class=\"blocks-gallery-item\"><figure><img loading=\"lazy\" decoding=\"async\" width=\"1024\" height=\"768\" src=\"https:\/\/lessables-sene.bzh\/wp-content\/uploads\/2020\/02\/les-sables-5-1024x768.jpg\" alt=\"\" data-id=\"278\" data-full-url=\"https:\/\/lessables-sene.bzh\/wp-content\/uploads\/2020\/02\/les-sables-5-scaled.jpg\" data-link=\"https:\/\/lessables-sene.bzh\/index.php\/colibri-wp\/les-sables-5\/\" class=\"wp-image-278\" srcset=\"https:\/\/lessables-sene.bzh\/wp-content\/uploads\/2020\/02\/les-sables-5-1024x768.jpg 1024w, https:\/\/lessables-sene.bzh\/wp-content\/uploads\/2020\/02\/les-sables-5-300x225.jpg 300w, https:\/\/lessables-sene.bzh\/wp-content\/uploads\/2020\/02\/les-sables-5-768x576.jpg 768w, https:\/\/lessables-sene.bzh\/wp-content\/uploads\/2020\/02\/les-sables-5-1536x1152.jpg 1536w, https:\/\/lessables-sene.bzh\/wp-content\/uploads\/2020\/02\/les-sables-5-2048x1536.jpg 2048w\" sizes=\"auto, (max-width: 1024px) 100vw, 1024px\" \/><\/figure><\/li><li class=\"blocks-gallery-item\"><figure><img loading=\"lazy\" decoding=\"async\" width=\"1024\" height=\"768\" src=\"https:\/\/lessables-sene.bzh\/wp-content\/uploads\/2020\/02\/les-sables-4-1024x768.jpg\" alt=\"\" data-id=\"277\" data-full-url=\"https:\/\/lessables-sene.bzh\/wp-content\/uploads\/2020\/02\/les-sables-4-scaled.jpg\" data-link=\"https:\/\/lessables-sene.bzh\/index.php\/colibri-wp\/les-sables-4\/\" class=\"wp-image-277\" srcset=\"https:\/\/lessables-sene.bzh\/wp-content\/uploads\/2020\/02\/les-sables-4-1024x768.jpg 1024w, https:\/\/lessables-sene.bzh\/wp-content\/uploads\/2020\/02\/les-sables-4-300x225.jpg 300w, https:\/\/lessables-sene.bzh\/wp-content\/uploads\/2020\/02\/les-sables-4-768x576.jpg 768w, https:\/\/lessables-sene.bzh\/wp-content\/uploads\/2020\/02\/les-sables-4-1536x1152.jpg 1536w, https:\/\/lessables-sene.bzh\/wp-content\/uploads\/2020\/02\/les-sables-4-2048x1536.jpg 2048w\" sizes=\"auto, (max-width: 1024px) 100vw, 1024px\" \/><\/figure><\/li><li class=\"blocks-gallery-item\"><figure><img loading=\"lazy\" decoding=\"async\" width=\"768\" height=\"1024\" src=\"https:\/\/lessables-sene.bzh\/wp-content\/uploads\/2020\/02\/les-sables-3-768x1024.jpg\" alt=\"\" data-id=\"276\" data-full-url=\"https:\/\/lessables-sene.bzh\/wp-content\/uploads\/2020\/02\/les-sables-3-scaled.jpg\" data-link=\"https:\/\/lessables-sene.bzh\/index.php\/colibri-wp\/les-sables-3\/\" class=\"wp-image-276\" srcset=\"https:\/\/lessables-sene.bzh\/wp-content\/uploads\/2020\/02\/les-sables-3-768x1024.jpg 768w, https:\/\/lessables-sene.bzh\/wp-content\/uploads\/2020\/02\/les-sables-3-225x300.jpg 225w, https:\/\/lessables-sene.bzh\/wp-content\/uploads\/2020\/02\/les-sables-3-1152x1536.jpg 1152w, https:\/\/lessables-sene.bzh\/wp-content\/uploads\/2020\/02\/les-sables-3-1536x2048.jpg 1536w, https:\/\/lessables-sene.bzh\/wp-content\/uploads\/2020\/02\/les-sables-3-scaled.jpg 1920w\" sizes=\"auto, (max-width: 768px) 100vw, 768px\" \/><\/figure><\/li><li class=\"blocks-gallery-item\"><figure><img loading=\"lazy\" decoding=\"async\" width=\"768\" height=\"1024\" src=\"https:\/\/lessables-sene.bzh\/wp-content\/uploads\/2020\/02\/les-sables-2-768x1024.jpg\" alt=\"\" data-id=\"275\" data-full-url=\"https:\/\/lessables-sene.bzh\/wp-content\/uploads\/2020\/02\/les-sables-2-scaled.jpg\" data-link=\"https:\/\/lessables-sene.bzh\/index.php\/colibri-wp\/les-sables-2\/\" class=\"wp-image-275\" srcset=\"https:\/\/lessables-sene.bzh\/wp-content\/uploads\/2020\/02\/les-sables-2-768x1024.jpg 768w, https:\/\/lessables-sene.bzh\/wp-content\/uploads\/2020\/02\/les-sables-2-225x300.jpg 225w, https:\/\/lessables-sene.bzh\/wp-content\/uploads\/2020\/02\/les-sables-2-1152x1536.jpg 1152w, https:\/\/lessables-sene.bzh\/wp-content\/uploads\/2020\/02\/les-sables-2-1536x2048.jpg 1536w, https:\/\/lessables-sene.bzh\/wp-content\/uploads\/2020\/02\/les-sables-2-scaled.jpg 1920w\" sizes=\"auto, (max-width: 768px) 100vw, 768px\" \/><\/figure><\/li><\/ul><\/figure>\n","protected":false},"excerpt":{"rendered":"<p>D\u2019une capacit\u00e9 de 6 couchages, notre gite \u00e0 la d\u00e9coration soign\u00e9e se compose au rez-de-chauss\u00e9e une pi\u00e8ce de vie avec une cuisine toute \u00e9quip\u00e9e et un petit coin salon, une petite chambre et une&#46;&#46;&#46;<\/p>\n","protected":false},"author":2,"featured_media":0,"parent":0,"menu_order":0,"comment_status":"closed","ping_status":"closed","template":"","meta":{"footnotes":""},"class_list":["post-354","page","type-page","status-publish","hentry"],"_links":{"self":[{"href":"https:\/\/lessables-sene.bzh\/index.php\/wp-json\/wp\/v2\/pages\/354","targetHints":{"allow":["GET"]}}],"collection":[{"href":"https:\/\/lessables-sene.bzh\/index.php\/wp-json\/wp\/v2\/pages"}],"about":[{"href":"https:\/\/lessables-sene.bzh\/index.php\/wp-json\/wp\/v2\/types\/page"}],"author":[{"embeddable":true,"href":"https:\/\/lessables-sene.bzh\/index.php\/wp-json\/wp\/v2\/users\/2"}],"replies":[{"embeddable":true,"href":"https:\/\/lessables-sene.bzh\/index.php\/wp-json\/wp\/v2\/comments?post=354"}],"version-history":[{"count":2,"href":"https:\/\/lessables-sene.bzh\/index.php\/wp-json\/wp\/v2\/pages\/354\/revisions"}],"predecessor-version":[{"id":364,"href":"https:\/\/lessables-sene.bzh\/index.php\/wp-json\/wp\/v2\/pages\/354\/revisions\/364"}],"wp:attachment":[{"href":"https:\/\/lessables-sene.bzh\/index.php\/wp-json\/wp\/v2\/media?parent=354"}],"curies":[{"name":"wp","href":"https:\/\/api.w.org\/{rel}","templated":true}]}}