{"id":165,"date":"2020-02-25T13:00:43","date_gmt":"2020-02-25T12:00:43","guid":{"rendered":"https:\/\/lessables-sene.bzh\/index.php\/colibri-wp\/"},"modified":"2023-03-08T10:02:39","modified_gmt":"2023-03-08T09:02:39","slug":"colibri-wp","status":"publish","type":"page","link":"https:\/\/lessables-sene.bzh\/","title":{"rendered":"Bienvenue !"},"content":{"rendered":"\n<hr class=\"wp-block-separator has-css-opacity\"\/>\n\n\n\n<figure class=\"wp-block-video aligncenter\"><video height=\"1080\" style=\"aspect-ratio: 1920 \/ 1080;\" width=\"1920\" autoplay loop muted src=\"https:\/\/lessables-sene.bzh\/wp-content\/uploads\/2020\/02\/Les-sables-version-longue-1.mp4\" playsinline><\/video><figcaption class=\"wp-element-caption\"> <em>Sentiers c\u00f4tiers, p\u00eache \u00e0 pieds, environnement pr\u00e9serv\u00e9&#8230;<br>venez vous ressourcer dans le Golfe du Morbihan, l&rsquo;une des plus belles baies du monde.<\/em> <\/figcaption><\/figure>\n\n\n\n<p>Nous vous accueillons sur la commune de S\u00e9n\u00e9 dans le Golfe du Morbihan, au c\u0153ur du Parc Naturel R\u00e9gional. Vous serez charm\u00e9 par les paysages marins o\u00f9 se m\u00ealent mer et campagne et par la richesse du patrimoine naturel superbe.<br>S\u00e9n\u00e9 est un v\u00e9ritable petit havre de paix et vous d\u00e9couvrirez, gr\u00e2ce \u00e0 ses 47 km de c\u00f4tes, de magnifiques panoramas sur le Golfe, les rivages de sable pour les baigneurs, les vasi\u00e8res pour les p\u00eacheurs \u00e0 pied.<br> Vous s\u00e9journerez au calme dans une village typique, \u00e0 800 m\u00e8tres de l&rsquo;eau.<br> Pour les amoureux de randonn\u00e9es, le gite sera le point de d\u00e9part id\u00e9al \u00e0 travers les nombreux sentiers.<br> Vannes, magnifique cit\u00e9 m\u00e9di\u00e9vale se situe \u00e0 8 minutes en voiture.<\/p>\n\n\n\n<p><\/p>\n\n\n\n<div class=\"wp-block-columns is-layout-flex wp-container-core-columns-is-layout-9d6595d7 wp-block-columns-is-layout-flex\">\n<div class=\"wp-block-column is-vertically-aligned-center is-layout-flow wp-block-column-is-layout-flow\"><div class=\"wp-block-image\">\n<figure class=\"aligncenter size-medium is-resized\"><a href=\"https:\/\/lessables-sene.bzh\/index.php\/les-sables\/\"><img loading=\"lazy\" decoding=\"async\" src=\"https:\/\/lessables-sene.bzh\/wp-content\/uploads\/2020\/02\/les-sables-3-225x300.jpg\" alt=\"\" class=\"wp-image-276\" width=\"340\" height=\"453\" srcset=\"https:\/\/lessables-sene.bzh\/wp-content\/uploads\/2020\/02\/les-sables-3-225x300.jpg 225w, https:\/\/lessables-sene.bzh\/wp-content\/uploads\/2020\/02\/les-sables-3-768x1024.jpg 768w, https:\/\/lessables-sene.bzh\/wp-content\/uploads\/2020\/02\/les-sables-3-1152x1536.jpg 1152w, https:\/\/lessables-sene.bzh\/wp-content\/uploads\/2020\/02\/les-sables-3-1536x2048.jpg 1536w, https:\/\/lessables-sene.bzh\/wp-content\/uploads\/2020\/02\/les-sables-3-scaled.jpg 1920w\" sizes=\"auto, (max-width: 340px) 100vw, 340px\" \/><\/a><figcaption class=\"wp-element-caption\">Les sables<br>(gite 6)<\/figcaption><\/figure>\n<\/div><\/div>\n\n\n\n<div class=\"wp-block-column is-vertically-aligned-center is-layout-flow wp-block-column-is-layout-flow\"><div class=\"wp-block-image\">\n<figure class=\"aligncenter size-medium is-resized\"><a href=\"https:\/\/lessables-sene.bzh\/index.php\/le-grain-de-sable\/\"><img loading=\"lazy\" decoding=\"async\" src=\"https:\/\/lessables-sene.bzh\/wp-content\/uploads\/2020\/02\/le-grain-de-sable-2-225x300.jpg\" alt=\"\" class=\"wp-image-285\" width=\"336\" height=\"448\" srcset=\"https:\/\/lessables-sene.bzh\/wp-content\/uploads\/2020\/02\/le-grain-de-sable-2-225x300.jpg 225w, https:\/\/lessables-sene.bzh\/wp-content\/uploads\/2020\/02\/le-grain-de-sable-2-768x1024.jpg 768w, https:\/\/lessables-sene.bzh\/wp-content\/uploads\/2020\/02\/le-grain-de-sable-2-1152x1536.jpg 1152w, https:\/\/lessables-sene.bzh\/wp-content\/uploads\/2020\/02\/le-grain-de-sable-2-1536x2048.jpg 1536w, https:\/\/lessables-sene.bzh\/wp-content\/uploads\/2020\/02\/le-grain-de-sable-2-scaled.jpg 1920w\" sizes=\"auto, (max-width: 336px) 100vw, 336px\" \/><\/a><figcaption class=\"wp-element-caption\">Le grain de sable<br>(gite 4)<\/figcaption><\/figure>\n<\/div><\/div>\n<\/div>\n\n\n\n<div class=\"wp-block-columns is-layout-flex wp-container-core-columns-is-layout-9d6595d7 wp-block-columns-is-layout-flex\">\n<div class=\"wp-block-column is-vertically-aligned-center is-layout-flow wp-block-column-is-layout-flow\"><div class=\"wp-block-image\">\n<figure class=\"aligncenter size-large is-resized\"><a href=\"https:\/\/lessables-sene.bzh\/index.php\/lannexe\/\"><img loading=\"lazy\" decoding=\"async\" src=\"https:\/\/lessables-sene.bzh\/wp-content\/uploads\/2020\/02\/lannexe-7-683x1024.jpg\" alt=\"\" class=\"wp-image-296\" width=\"360\" height=\"539\" srcset=\"https:\/\/lessables-sene.bzh\/wp-content\/uploads\/2020\/02\/lannexe-7-683x1024.jpg 683w, https:\/\/lessables-sene.bzh\/wp-content\/uploads\/2020\/02\/lannexe-7-200x300.jpg 200w, https:\/\/lessables-sene.bzh\/wp-content\/uploads\/2020\/02\/lannexe-7-768x1152.jpg 768w, https:\/\/lessables-sene.bzh\/wp-content\/uploads\/2020\/02\/lannexe-7-1024x1536.jpg 1024w, https:\/\/lessables-sene.bzh\/wp-content\/uploads\/2020\/02\/lannexe-7-1365x2048.jpg 1365w, https:\/\/lessables-sene.bzh\/wp-content\/uploads\/2020\/02\/lannexe-7-rotated.jpg 1504w\" sizes=\"auto, (max-width: 360px) 100vw, 360px\" \/><\/a><figcaption class=\"wp-element-caption\">L&rsquo;Annexe<br>(chambre)<\/figcaption><\/figure>\n<\/div><\/div>\n\n\n\n<div class=\"wp-block-column is-vertically-aligned-center is-layout-flow wp-block-column-is-layout-flow\"><div class=\"wp-block-image\">\n<figure class=\"aligncenter size-full is-resized\"><a href=\"https:\/\/lessables-sene.bzh\/index.php\/la-salorge\/\"><img loading=\"lazy\" decoding=\"async\" src=\"https:\/\/lessables-sene.bzh\/wp-content\/uploads\/2023\/03\/20230102_082235.jpg\" alt=\"\" class=\"wp-image-488\" width=\"408\" height=\"544\"\/><\/a><figcaption class=\"wp-element-caption\">La Salorge<br>(gite 2)<\/figcaption><\/figure>\n<\/div><\/div>\n<\/div>\n\n\n\n<div class=\"wp-block-columns is-layout-flex wp-container-core-columns-is-layout-9d6595d7 wp-block-columns-is-layout-flex\">\n<div class=\"wp-block-column is-layout-flow wp-block-column-is-layout-flow\" style=\"flex-basis:33.33%\">\n<p><\/p>\n\n\n\n<p><em><strong>Vanessa Guillo<\/strong><br>48 route de Kerleguen<br>56860 S\u00e9n\u00e9<\/em><\/p>\n<\/div>\n\n\n\n<div class=\"wp-block-column is-layout-flow wp-block-column-is-layout-flow\" style=\"flex-basis:66.66%\">\n<div class=\"wp-block-columns are-vertically-aligned-center is-layout-flex wp-container-core-columns-is-layout-9d6595d7 wp-block-columns-is-layout-flex\">\n<div class=\"wp-block-column is-vertically-aligned-center is-layout-flow wp-block-column-is-layout-flow\">\n<figure class=\"wp-block-image size-large\"><a href=\"https:\/\/www.gites-de-france-morbihan.com\/location-vacances\/Gite-Sene-56G24320.html\"><img loading=\"lazy\" decoding=\"async\" width=\"1024\" height=\"1024\" src=\"https:\/\/lessables-sene.bzh\/wp-content\/uploads\/2020\/02\/Gites-de-france-1024x1024.jpg\" alt=\"\" class=\"wp-image-317\" srcset=\"https:\/\/lessables-sene.bzh\/wp-content\/uploads\/2020\/02\/Gites-de-france-1024x1024.jpg 1024w, https:\/\/lessables-sene.bzh\/wp-content\/uploads\/2020\/02\/Gites-de-france-300x300.jpg 300w, https:\/\/lessables-sene.bzh\/wp-content\/uploads\/2020\/02\/Gites-de-france-150x150.jpg 150w, https:\/\/lessables-sene.bzh\/wp-content\/uploads\/2020\/02\/Gites-de-france-768x767.jpg 768w, https:\/\/lessables-sene.bzh\/wp-content\/uploads\/2020\/02\/Gites-de-france-160x160.jpg 160w, https:\/\/lessables-sene.bzh\/wp-content\/uploads\/2020\/02\/Gites-de-france-320x320.jpg 320w, https:\/\/lessables-sene.bzh\/wp-content\/uploads\/2020\/02\/Gites-de-france.jpg 1419w\" sizes=\"auto, (max-width: 1024px) 100vw, 1024px\" \/><\/a><\/figure>\n<\/div>\n\n\n\n<div class=\"wp-block-column is-vertically-aligned-center is-layout-flow wp-block-column-is-layout-flow\">\n<figure class=\"wp-block-image size-large\"><a href=\"https:\/\/www.ancv.com\"><img loading=\"lazy\" decoding=\"async\" width=\"120\" height=\"67\" src=\"https:\/\/lessables-sene.bzh\/wp-content\/uploads\/2020\/06\/logo_ancv_1.png\" alt=\"\" class=\"wp-image-435\"\/><\/a><\/figure>\n\n\n\n<figure class=\"wp-block-image size-large\"><img loading=\"lazy\" decoding=\"async\" width=\"120\" height=\"65\" src=\"https:\/\/lessables-sene.bzh\/wp-content\/uploads\/2020\/02\/Golfe-du-Morbihan-1.jpg\" alt=\"\" class=\"wp-image-321\"\/><\/figure>\n<\/div>\n\n\n\n<div class=\"wp-block-column is-vertically-aligned-center is-layout-flow wp-block-column-is-layout-flow\">\n<figure class=\"wp-block-image size-large\"><a href=\"https:\/\/www.parc-golfe-morbihan.bzh\/\"><img loading=\"lazy\" decoding=\"async\" width=\"186\" height=\"270\" src=\"https:\/\/lessables-sene.bzh\/wp-content\/uploads\/2020\/02\/pnr.png\" alt=\"\" class=\"wp-image-319\"\/><\/a><\/figure>\n<\/div>\n<\/div>\n\n\n\n<div class=\"wp-block-columns is-layout-flex wp-container-core-columns-is-layout-9d6595d7 wp-block-columns-is-layout-flex\">\n<div class=\"wp-block-column is-layout-flow wp-block-column-is-layout-flow\">\n<figure class=\"wp-block-image size-large is-resized\"><img loading=\"lazy\" decoding=\"async\" src=\"https:\/\/lessables-sene.bzh\/wp-content\/uploads\/2021\/05\/9782305056210.jpg_image.jpg\" alt=\"\" class=\"wp-image-469\" width=\"156\" height=\"266\" srcset=\"https:\/\/lessables-sene.bzh\/wp-content\/uploads\/2021\/05\/9782305056210.jpg_image.jpg 599w, https:\/\/lessables-sene.bzh\/wp-content\/uploads\/2021\/05\/9782305056210.jpg_image-175x300.jpg 175w\" sizes=\"auto, (max-width: 156px) 100vw, 156px\" \/><\/figure>\n<\/div>\n\n\n\n<div class=\"wp-block-column is-vertically-aligned-center is-layout-flow wp-block-column-is-layout-flow\">\n<figure class=\"wp-block-image size-large\"><img loading=\"lazy\" decoding=\"async\" width=\"148\" height=\"234\" src=\"https:\/\/lessables-sene.bzh\/wp-content\/uploads\/2020\/06\/betjemanbartonpetitfute.png\" alt=\"\" class=\"wp-image-436\"\/><\/figure>\n<\/div>\n\n\n\n<div class=\"wp-block-column is-layout-flow wp-block-column-is-layout-flow\"><\/div>\n<\/div>\n\n\n\n<p><\/p>\n<\/div>\n<\/div>\n\n\n\n<p><\/p>\n","protected":false},"excerpt":{"rendered":"<p>Nous vous accueillons sur la commune de S\u00e9n\u00e9 dans le Golfe du Morbihan, au c\u0153ur du Parc Naturel R\u00e9gional. Vous serez charm\u00e9 par les paysages marins o\u00f9 se m\u00ealent mer et campagne et par&#46;&#46;&#46;<\/p>\n","protected":false},"author":2,"featured_media":0,"parent":0,"menu_order":0,"comment_status":"closed","ping_status":"closed","template":"","meta":{"footnotes":""},"class_list":["post-165","page","type-page","status-publish","hentry"],"_links":{"self":[{"href":"https:\/\/lessables-sene.bzh\/index.php\/wp-json\/wp\/v2\/pages\/165","targetHints":{"allow":["GET"]}}],"collection":[{"href":"https:\/\/lessables-sene.bzh\/index.php\/wp-json\/wp\/v2\/pages"}],"about":[{"href":"https:\/\/lessables-sene.bzh\/index.php\/wp-json\/wp\/v2\/types\/page"}],"author":[{"embeddable":true,"href":"https:\/\/lessables-sene.bzh\/index.php\/wp-json\/wp\/v2\/users\/2"}],"replies":[{"embeddable":true,"href":"https:\/\/lessables-sene.bzh\/index.php\/wp-json\/wp\/v2\/comments?post=165"}],"version-history":[{"count":20,"href":"https:\/\/lessables-sene.bzh\/index.php\/wp-json\/wp\/v2\/pages\/165\/revisions"}],"predecessor-version":[{"id":493,"href":"https:\/\/lessables-sene.bzh\/index.php\/wp-json\/wp\/v2\/pages\/165\/revisions\/493"}],"wp:attachment":[{"href":"https:\/\/lessables-sene.bzh\/index.php\/wp-json\/wp\/v2\/media?parent=165"}],"curies":[{"name":"wp","href":"https:\/\/api.w.org\/{rel}","templated":true}]}}